{"id":268,"date":"2021-05-29T10:54:47","date_gmt":"2021-05-29T13:54:47","guid":{"rendered":"https:\/\/guaximidia.com.br\/?page_id=268"},"modified":"2021-06-02T14:32:48","modified_gmt":"2021-06-02T17:32:48","slug":"sobre-nos","status":"publish","type":"page","link":"https:\/\/guaximidia.com.br\/index.php\/sobre-nos\/","title":{"rendered":"Sobre N\u00f3s"},"content":{"rendered":"\t\t<div data-elementor-type=\"wp-page\" data-elementor-id=\"268\" class=\"elementor elementor-268\">\n\t\t\t\t\t\t\t\t\t<section class=\"elementor-section elementor-top-section elementor-element elementor-element-93a04b7 elementor-reverse-mobile elementor-section-boxed elementor-section-height-default elementor-section-height-default\" data-id=\"93a04b7\" data-element_type=\"section\" data-settings=\"{&quot;background_background&quot;:&quot;classic&quot;,&quot;shape_divider_bottom&quot;:&quot;tilt&quot;}\">\n\t\t\t\t\t<div class=\"elementor-shape elementor-shape-bottom\" data-negative=\"false\">\n\t\t\t<svg xmlns=\"http:\/\/www.w3.org\/2000\/svg\" viewBox=\"0 0 1000 100\" preserveAspectRatio=\"none\">\n\t<path class=\"elementor-shape-fill\" d=\"M0,6V0h1000v100L0,6z\"\/>\n<\/svg>\t\t<\/div>\n\t\t\t\t\t<div class=\"elementor-container elementor-column-gap-default\">\n\t\t\t\t\t<div class=\"elementor-column elementor-col-50 elementor-top-column elementor-element elementor-element-1c710d1\" data-id=\"1c710d1\" data-element_type=\"column\">\n\t\t\t<div class=\"elementor-widget-wrap elementor-element-populated\">\n\t\t\t\t\t\t\t\t<div class=\"elementor-element elementor-element-9f673c6 elementor-widget elementor-widget-heading\" data-id=\"9f673c6\" data-element_type=\"widget\" data-widget_type=\"heading.default\">\n\t\t\t\t<div class=\"elementor-widget-container\">\n\t\t\t<h2 class=\"elementor-heading-title elementor-size-default\">A empresa que veio pra revolucionar<\/h2>\t\t<\/div>\n\t\t\t\t<\/div>\n\t\t\t\t<div class=\"elementor-element elementor-element-bb2b771 elementor-widget elementor-widget-heading\" data-id=\"bb2b771\" data-element_type=\"widget\" data-widget_type=\"heading.default\">\n\t\t\t\t<div class=\"elementor-widget-container\">\n\t\t\t<h2 class=\"elementor-heading-title elementor-size-default\">QUEM SOMOS<\/h2>\t\t<\/div>\n\t\t\t\t<\/div>\n\t\t\t\t<div class=\"elementor-element elementor-element-108cda0 elementor-widget elementor-widget-text-editor\" data-id=\"108cda0\" data-element_type=\"widget\" data-widget_type=\"text-editor.default\">\n\t\t\t\t<div class=\"elementor-widget-container\">\n\t\t\t\t\t\t\t<p>A Guaxinim M\u00eddia Digital \u00e9 uma empresa especializada na cria\u00e7\u00e3o, desenvolvimento e otimiza\u00e7\u00e3o de sites e lojas virtuais. Oferece ainda servi\u00e7os de Web Design, Design Gr\u00e1fico, Marketing Digital e Gest\u00e3o e Produ\u00e7\u00e3o de Conte\u00fado.<br \/>Todos os nossos sites atendem as normas da Lei Geral de Prote\u00e7\u00e3o de Dados (LGPD) e s\u00e3o produzidos sem a utiliza\u00e7\u00e3o de modelos prontos, o que garante um design exclusivo, baseado nas necessidades do cliente.<br \/>Os nossos servi\u00e7os e produtos aliam a qualidade prestada por uma equipe que est\u00e1 h\u00e1 mais de 15 anos no mercado ao melhor custo benef\u00edcio.<\/p>\t\t\t\t\t\t<\/div>\n\t\t\t\t<\/div>\n\t\t\t\t\t<\/div>\n\t\t<\/div>\n\t\t\t\t<div class=\"elementor-column elementor-col-50 elementor-top-column elementor-element elementor-element-b0c4ca7\" data-id=\"b0c4ca7\" data-element_type=\"column\">\n\t\t\t<div class=\"elementor-widget-wrap elementor-element-populated\">\n\t\t\t\t\t\t\t\t<div class=\"elementor-element elementor-element-eaaf059 elementor-view-default elementor-widget elementor-widget-icon\" data-id=\"eaaf059\" data-element_type=\"widget\" data-widget_type=\"icon.default\">\n\t\t\t\t<div class=\"elementor-widget-container\">\n\t\t\t\t\t<div class=\"elementor-icon-wrapper\">\n\t\t\t<div class=\"elementor-icon\">\n\t\t\t<i aria-hidden=\"true\" class=\"fas fa-users\"><\/i>\t\t\t<\/div>\n\t\t<\/div>\n\t\t\t\t<\/div>\n\t\t\t\t<\/div>\n\t\t\t\t\t<\/div>\n\t\t<\/div>\n\t\t\t\t\t\t\t<\/div>\n\t\t<\/section>\n\t\t\t\t<section class=\"elementor-section elementor-top-section elementor-element elementor-element-7a34486 elementor-section-boxed elementor-section-height-default elementor-section-height-default\" data-id=\"7a34486\" data-element_type=\"section\" data-settings=\"{&quot;background_background&quot;:&quot;classic&quot;}\">\n\t\t\t\t\t\t<div class=\"elementor-container elementor-column-gap-default\">\n\t\t\t\t\t<div class=\"elementor-column elementor-col-50 elementor-top-column elementor-element elementor-element-03328ac\" data-id=\"03328ac\" data-element_type=\"column\">\n\t\t\t<div class=\"elementor-widget-wrap elementor-element-populated\">\n\t\t\t\t\t\t\t\t<div class=\"elementor-element elementor-element-9b1829d elementor-view-default elementor-widget elementor-widget-icon\" data-id=\"9b1829d\" data-element_type=\"widget\" data-widget_type=\"icon.default\">\n\t\t\t\t<div class=\"elementor-widget-container\">\n\t\t\t\t\t<div class=\"elementor-icon-wrapper\">\n\t\t\t<div class=\"elementor-icon\">\n\t\t\t<svg xmlns=\"http:\/\/www.w3.org\/2000\/svg\" xmlns:xlink=\"http:\/\/www.w3.org\/1999\/xlink\" id=\"Capa_1\" x=\"0px\" y=\"0px\" viewBox=\"0 0 512 512\" style=\"enable-background:new 0 0 512 512;\" xml:space=\"preserve\">\n<g>\n\t<g>\n\t\t<polygon points=\"121,294.789 121,496 181,496 181,234.789   \"><\/polygon>\n\t<\/g>\n<\/g>\n<g>\n\t<g>\n\t\t<polygon points=\"211,234.789 211,496 271,496 271,294.789   \"><\/polygon>\n\t<\/g>\n<\/g>\n<g>\n\t<g>\n\t\t<polygon points=\"301,294.789 301,496 361,496 361,234.789   \"><\/polygon>\n\t<\/g>\n<\/g>\n<g>\n\t<g>\n\t\t<path d=\"M456.395,140.395L391,204.789V496h76c8.291,0,15-6.709,15-15V151C482,137.721,465.861,130.928,456.395,140.395z\"><\/path>\n\t<\/g>\n<\/g>\n<g>\n\t<g>\n\t\t<path d=\"M4.395,410.395C1.582,413.207,0,417.016,0,421v60c0,8.291,6.709,15,15,15h76V324.789L4.395,410.395z\"><\/path>\n\t<\/g>\n<\/g>\n<g>\n\t<g>\n\t\t<path d=\"M497,16h-60c-8.291,0-15,6.709-15,15s6.709,15,15,15h28.931L286,224.931l-79.395-79.395    c-5.859-5.859-15.352-5.859-21.211,0l-181,180c-5.859,5.859-5.859,15.352,0,21.211c5.859,5.859,15.352,5.859,21.211,0L196,177.353    l79.395,79.395c5.859,5.859,15.352,5.859,21.211,0L482,72.353V91c0,8.291,6.709,15,15,15c8.291,0,15-6.709,15-15V31    C512,22.709,505.291,16,497,16z\"><\/path>\n\t<\/g>\n<\/g>\n<g>\n<\/g>\n<g>\n<\/g>\n<g>\n<\/g>\n<g>\n<\/g>\n<g>\n<\/g>\n<g>\n<\/g>\n<g>\n<\/g>\n<g>\n<\/g>\n<g>\n<\/g>\n<g>\n<\/g>\n<g>\n<\/g>\n<g>\n<\/g>\n<g>\n<\/g>\n<g>\n<\/g>\n<g>\n<\/g>\n<\/svg>\t\t\t<\/div>\n\t\t<\/div>\n\t\t\t\t<\/div>\n\t\t\t\t<\/div>\n\t\t\t\t\t<\/div>\n\t\t<\/div>\n\t\t\t\t<div class=\"elementor-column elementor-col-50 elementor-top-column elementor-element elementor-element-14281ef\" data-id=\"14281ef\" data-element_type=\"column\">\n\t\t\t<div class=\"elementor-widget-wrap elementor-element-populated\">\n\t\t\t\t\t\t\t\t<div class=\"elementor-element elementor-element-b00085b elementor-widget elementor-widget-heading\" data-id=\"b00085b\" data-element_type=\"widget\" data-widget_type=\"heading.default\">\n\t\t\t\t<div class=\"elementor-widget-container\">\n\t\t\t<h2 class=\"elementor-heading-title elementor-size-default\">De olho no futuro<\/h2>\t\t<\/div>\n\t\t\t\t<\/div>\n\t\t\t\t<div class=\"elementor-element elementor-element-11953d6 elementor-widget elementor-widget-heading\" data-id=\"11953d6\" data-element_type=\"widget\" data-widget_type=\"heading.default\">\n\t\t\t\t<div class=\"elementor-widget-container\">\n\t\t\t<h2 class=\"elementor-heading-title elementor-size-default\">COMPROMISSO COM SEU SUCESSO<\/h2>\t\t<\/div>\n\t\t\t\t<\/div>\n\t\t\t\t<div class=\"elementor-element elementor-element-5daf19f elementor-widget elementor-widget-text-editor\" data-id=\"5daf19f\" data-element_type=\"widget\" data-widget_type=\"text-editor.default\">\n\t\t\t\t<div class=\"elementor-widget-container\">\n\t\t\t\t\t\t\t<p>Nossa equipe tem o compromisso com o sucesso do seu neg\u00f3cio. Temos a solu\u00e7\u00e3o certa para a sua demanda. Desde a cria\u00e7\u00e3o e desenvolvimento de seu site \u00e0 gest\u00e3o do conte\u00fado publicado. Tamb\u00e9m realizamos a Gest\u00e3o de Tr\u00e1fego nas redes sociais. Tudo para garantir o sucesso de sua empresa.<\/p>\t\t\t\t\t\t<\/div>\n\t\t\t\t<\/div>\n\t\t\t\t\t<\/div>\n\t\t<\/div>\n\t\t\t\t\t\t\t<\/div>\n\t\t<\/section>\n\t\t\t\t<section class=\"elementor-section elementor-top-section elementor-element elementor-element-97bec26 elementor-reverse-mobile elementor-section-boxed elementor-section-height-default elementor-section-height-default\" data-id=\"97bec26\" data-element_type=\"section\" data-settings=\"{&quot;shape_divider_top&quot;:&quot;tilt&quot;,&quot;shape_divider_bottom&quot;:&quot;tilt&quot;}\">\n\t\t\t\t\t<div class=\"elementor-shape elementor-shape-top\" data-negative=\"false\">\n\t\t\t<svg xmlns=\"http:\/\/www.w3.org\/2000\/svg\" viewBox=\"0 0 1000 100\" preserveAspectRatio=\"none\">\n\t<path class=\"elementor-shape-fill\" d=\"M0,6V0h1000v100L0,6z\"\/>\n<\/svg>\t\t<\/div>\n\t\t\t\t<div class=\"elementor-shape elementor-shape-bottom\" data-negative=\"false\">\n\t\t\t<svg xmlns=\"http:\/\/www.w3.org\/2000\/svg\" viewBox=\"0 0 1000 100\" preserveAspectRatio=\"none\">\n\t<path class=\"elementor-shape-fill\" d=\"M0,6V0h1000v100L0,6z\"\/>\n<\/svg>\t\t<\/div>\n\t\t\t\t\t<div class=\"elementor-container elementor-column-gap-default\">\n\t\t\t\t\t<div class=\"elementor-column elementor-col-50 elementor-top-column elementor-element elementor-element-5037f2c\" data-id=\"5037f2c\" data-element_type=\"column\">\n\t\t\t<div class=\"elementor-widget-wrap elementor-element-populated\">\n\t\t\t\t\t\t\t\t<div class=\"elementor-element elementor-element-ada162b elementor-widget elementor-widget-heading\" data-id=\"ada162b\" data-element_type=\"widget\" data-widget_type=\"heading.default\">\n\t\t\t\t<div class=\"elementor-widget-container\">\n\t\t\t<h2 class=\"elementor-heading-title elementor-size-default\">MISS\u00c3O<\/h2>\t\t<\/div>\n\t\t\t\t<\/div>\n\t\t\t\t<div class=\"elementor-element elementor-element-2b32290 elementor-widget elementor-widget-text-editor\" data-id=\"2b32290\" data-element_type=\"widget\" data-widget_type=\"text-editor.default\">\n\t\t\t\t<div class=\"elementor-widget-container\">\n\t\t\t\t\t\t\t<p>Solu\u00e7\u00f5es de web inovadoras para que micro, pequenas e m\u00e9dias empresas tenham a oportunidade de se desenvolver no ambiente virtual de forma cont\u00ednua e sustent\u00e1vel. Para isso aliamos um servi\u00e7o de alta qualidade a um custo acess\u00edvel, primando pela originalidade de cada projeto, atendimento personalizado, especial e diferenciado.<\/p>\t\t\t\t\t\t<\/div>\n\t\t\t\t<\/div>\n\t\t\t\t\t<\/div>\n\t\t<\/div>\n\t\t\t\t<div class=\"elementor-column elementor-col-50 elementor-top-column elementor-element elementor-element-133e9f1\" data-id=\"133e9f1\" data-element_type=\"column\">\n\t\t\t<div class=\"elementor-widget-wrap elementor-element-populated\">\n\t\t\t\t\t\t\t\t<div class=\"elementor-element elementor-element-a76e7fb elementor-view-default elementor-widget elementor-widget-icon\" data-id=\"a76e7fb\" data-element_type=\"widget\" data-widget_type=\"icon.default\">\n\t\t\t\t<div class=\"elementor-widget-container\">\n\t\t\t\t\t<div class=\"elementor-icon-wrapper\">\n\t\t\t<div class=\"elementor-icon\">\n\t\t\t<svg xmlns=\"http:\/\/www.w3.org\/2000\/svg\" xmlns:xlink=\"http:\/\/www.w3.org\/1999\/xlink\" id=\"Capa_1\" x=\"0px\" y=\"0px\" width=\"530.451px\" height=\"530.451px\" viewBox=\"0 0 530.451 530.451\" style=\"enable-background:new 0 0 530.451 530.451;\" xml:space=\"preserve\">\n<g>\n\t<g>\n\t\t<circle cx=\"174.856\" cy=\"62.414\" r=\"46.368\"><\/circle>\n\t\t<path d=\"M92.064,530.451h346.957c13.168,0,23.764-10.586,23.764-23.744l-0.44-475.954c-0.01-13.062-10.337-26.058-23.046-29.032    l-4.733-1.1c-12.718-2.964-25.331,4.953-28.151,17.709l-18.915,85.164c-1.032,4.667-3.328,9.553-6.388,14.133    c-0.842-1.061-1.912-1.951-3.309-2.352l-32.302-9.362l2.285-7.65c1.052-3.577-0.985-7.363-4.571-8.425    c-3.548-1.052-7.372,0.976-8.453,4.562l-13.865,46.607c-1.53-0.277-3.041-0.65-4.695-0.507l-82.955,7.086l-36.835-22.481    l0.029-0.229l-0.612-0.105l-0.019-0.039l-0.048,0.02l-60.712-10.825c-7.411-1.33-14.373,3.614-15.559,11.006l-28.219,151.47    l0.593-0.02c-1.023,4.284-1.023,8.798,0.402,13.053l30.82,91.953l-4.188,104.126c-0.086,2.085,0.191,4.083,0.622,6.024    l-29.615,7.21c-12.689,3.099-22.644,11.446-22.224,18.647C68.082,524.608,79.002,530.451,92.064,530.451z M341.607,118.919    l30.725,8.903c-3.701,3.404-7.727,6.225-11.771,7.937l-5.106,2.151c-7.344,3.089-15.146,9.553-21.133,16.897    c-0.307-1.941-0.86-3.787-1.77-5.46L341.607,118.919z M189.956,161.396l32.646,18.8c2.104,1.004,4.332,1.549,6.626,1.645    c0.698,0.038,1.416,0.029,2.123-0.057l79.369-6.771l-1.473,4.944c-1.062,3.596,0.976,7.373,4.581,8.444    c0.545,0.182,1.09,0.249,1.654,0.277c1.319,0.048,2.562-0.344,3.662-0.985l-7.918,22.147l-13.187-7.287l3.806-12.747    c1.062-3.595-0.956-7.382-4.562-8.443c-3.557-1.081-7.372,0.985-8.443,4.552l-8.1,27.119l-77.839-27.722l-14.42-15.874    L189.956,161.396z M169.492,370.441l-22.089-66.02l56.218-2.113l-22.5,59.345c-2.247,5.929-2.065,12.394,0.545,18.169    c2.601,5.775,7.315,10.203,13.253,12.44c2.391,0.909,4.896,1.425,7.43,1.521c10.241,0.421,19.565-5.728,23.179-15.3l35.143-92.813    c2.84-7.468,1.769-15.788-2.888-22.28c-4.657-6.436-11.618-10.223-20.187-9.869l-64.527,2.419l7.898-44.389    c1.817,1.912,4.064,3.414,6.588,4.312l83.5,29.72l-7.737,25.905c-1.081,3.586,0.957,7.372,4.542,8.424    c0.584,0.173,1.119,0.259,1.684,0.287c3.012,0.115,5.852-1.816,6.761-4.849l8.166-27.31c6.082-0.927,11.303-4.906,13.454-10.892    c1.502-4.265,1.272-8.874-0.659-12.967c-1.004-2.094-2.372-3.901-4.093-5.384l0.88-2.936l12.526,6.942l-8.271,23.141    c-4.389,12.307-3.662,31.948,1.626,43.892l-1.74,49.419c5.288,11.944,6.98,29.587,3.786,39.398    c-3.193,9.83-15.931,20.855-28.438,24.633l-26.451,15.128c-12.508,3.776-23.896,16.256-25.427,27.874    c-1.54,11.619-13.072,23.543-25.761,26.642l-29.271,7.124l4.064-101.133C170.831,376.055,170.438,373.186,169.492,370.441z\"><\/path>\n\t<\/g>\n<\/g>\n<g>\n<\/g>\n<g>\n<\/g>\n<g>\n<\/g>\n<g>\n<\/g>\n<g>\n<\/g>\n<g>\n<\/g>\n<g>\n<\/g>\n<g>\n<\/g>\n<g>\n<\/g>\n<g>\n<\/g>\n<g>\n<\/g>\n<g>\n<\/g>\n<g>\n<\/g>\n<g>\n<\/g>\n<g>\n<\/g>\n<\/svg>\t\t\t<\/div>\n\t\t<\/div>\n\t\t\t\t<\/div>\n\t\t\t\t<\/div>\n\t\t\t\t\t<\/div>\n\t\t<\/div>\n\t\t\t\t\t\t\t<\/div>\n\t\t<\/section>\n\t\t\t\t<section class=\"elementor-section elementor-top-section elementor-element elementor-element-fbd989a elementor-section-boxed elementor-section-height-default elementor-section-height-default\" data-id=\"fbd989a\" data-element_type=\"section\" data-settings=\"{&quot;background_background&quot;:&quot;classic&quot;}\">\n\t\t\t\t\t\t<div class=\"elementor-container elementor-column-gap-default\">\n\t\t\t\t\t<div class=\"elementor-column elementor-col-50 elementor-top-column elementor-element elementor-element-940656f\" data-id=\"940656f\" data-element_type=\"column\">\n\t\t\t<div class=\"elementor-widget-wrap elementor-element-populated\">\n\t\t\t\t\t\t\t\t<div class=\"elementor-element elementor-element-0e8b47c elementor-view-default elementor-widget elementor-widget-icon\" data-id=\"0e8b47c\" data-element_type=\"widget\" data-widget_type=\"icon.default\">\n\t\t\t\t<div class=\"elementor-widget-container\">\n\t\t\t\t\t<div class=\"elementor-icon-wrapper\">\n\t\t\t<div class=\"elementor-icon\">\n\t\t\t<svg xmlns=\"http:\/\/www.w3.org\/2000\/svg\" width=\"222\" height=\"216\" viewBox=\"0 0 222 216\" fill=\"none\"><path d=\"M0.611328 126.999L20.045 160.373L62.5979 135.927L43.2032 102.38L0.611328 126.999Z\" fill=\"#594C4A\"><\/path><path d=\"M124.819 109.413L135.082 103.425L107.583 55.73L49.9499 89.1167C57.9931 102.983 76.3124 134.414 76.3124 134.414L83.0461 130.807C83.1502 130.75 83.2846 130.807 83.406 130.807L44.5083 215.063H59.7535L102.701 122.165L112.778 116.355L155.226 201.188H170.836L124.819 109.413Z\" fill=\"#594C4A\"><\/path><path d=\"M113.636 41.625C124.394 59.9356 139.76 86.8271 151.099 106.126L221.475 65.4726L183.874 0.611328L113.636 41.625Z\" fill=\"#594C4A\"><\/path><\/svg>\t\t\t<\/div>\n\t\t<\/div>\n\t\t\t\t<\/div>\n\t\t\t\t<\/div>\n\t\t\t\t\t<\/div>\n\t\t<\/div>\n\t\t\t\t<div class=\"elementor-column elementor-col-50 elementor-top-column elementor-element elementor-element-50e2e9e\" data-id=\"50e2e9e\" data-element_type=\"column\">\n\t\t\t<div class=\"elementor-widget-wrap elementor-element-populated\">\n\t\t\t\t\t\t\t\t<div class=\"elementor-element elementor-element-1da1063 elementor-widget elementor-widget-heading\" data-id=\"1da1063\" data-element_type=\"widget\" data-widget_type=\"heading.default\">\n\t\t\t\t<div class=\"elementor-widget-container\">\n\t\t\t<h2 class=\"elementor-heading-title elementor-size-default\">VIS\u00c3O<\/h2>\t\t<\/div>\n\t\t\t\t<\/div>\n\t\t\t\t<div class=\"elementor-element elementor-element-572acec elementor-widget elementor-widget-text-editor\" data-id=\"572acec\" data-element_type=\"widget\" data-widget_type=\"text-editor.default\">\n\t\t\t\t<div class=\"elementor-widget-container\">\n\t\t\t\t\t\t\t<p>Estabelecermos no mercado um novo modelo de produ\u00e7\u00e3o no qual as solu\u00e7\u00f5es de web e tenham a criatividade como regra. Sempre de forma personalizada no intuito de garantir resultados pr\u00e1ticos de fixa\u00e7\u00e3o da marca no ambiente virtual. Para garantir esse objetivo contamos com profissionais gabaritados em cada \u00e1rea dispostos a pensar fora da caixa.<\/p>\t\t\t\t\t\t<\/div>\n\t\t\t\t<\/div>\n\t\t\t\t\t<\/div>\n\t\t<\/div>\n\t\t\t\t\t\t\t<\/div>\n\t\t<\/section>\n\t\t\t\t<section class=\"elementor-section elementor-top-section elementor-element elementor-element-23a93ea elementor-reverse-mobile elementor-section-boxed elementor-section-height-default elementor-section-height-default\" data-id=\"23a93ea\" data-element_type=\"section\" data-settings=\"{&quot;shape_divider_top&quot;:&quot;tilt&quot;,&quot;shape_divider_bottom&quot;:&quot;tilt&quot;}\">\n\t\t\t\t\t<div class=\"elementor-shape elementor-shape-top\" data-negative=\"false\">\n\t\t\t<svg xmlns=\"http:\/\/www.w3.org\/2000\/svg\" viewBox=\"0 0 1000 100\" preserveAspectRatio=\"none\">\n\t<path class=\"elementor-shape-fill\" d=\"M0,6V0h1000v100L0,6z\"\/>\n<\/svg>\t\t<\/div>\n\t\t\t\t<div class=\"elementor-shape elementor-shape-bottom\" data-negative=\"false\">\n\t\t\t<svg xmlns=\"http:\/\/www.w3.org\/2000\/svg\" viewBox=\"0 0 1000 100\" preserveAspectRatio=\"none\">\n\t<path class=\"elementor-shape-fill\" d=\"M0,6V0h1000v100L0,6z\"\/>\n<\/svg>\t\t<\/div>\n\t\t\t\t\t<div class=\"elementor-container elementor-column-gap-default\">\n\t\t\t\t\t<div class=\"elementor-column elementor-col-50 elementor-top-column elementor-element elementor-element-31d0728\" data-id=\"31d0728\" data-element_type=\"column\">\n\t\t\t<div class=\"elementor-widget-wrap elementor-element-populated\">\n\t\t\t\t\t\t\t\t<div class=\"elementor-element elementor-element-b561914 elementor-widget elementor-widget-heading\" data-id=\"b561914\" data-element_type=\"widget\" data-widget_type=\"heading.default\">\n\t\t\t\t<div class=\"elementor-widget-container\">\n\t\t\t<h2 class=\"elementor-heading-title elementor-size-default\">VALORES<\/h2>\t\t<\/div>\n\t\t\t\t<\/div>\n\t\t\t\t<div class=\"elementor-element elementor-element-7163bf2 elementor-widget elementor-widget-text-editor\" data-id=\"7163bf2\" data-element_type=\"widget\" data-widget_type=\"text-editor.default\">\n\t\t\t\t<div class=\"elementor-widget-container\">\n\t\t\t\t\t\t\t<p>Nossos valores est\u00e3o baseados na inova\u00e7\u00e3o, acompanhamento cont\u00ednuo e criatividade. Pensamos fora da caixa para oferecer o melhor produto ou servi\u00e7o. Sempre de forma exclusiva e personalizada. Com as solu\u00e7\u00f5es inovadoras, acompanhamento cotidiano das demandas e criatividade nos projetos o resultado \u00e9 garantido e o diferencial notado no mercado.<\/p>\t\t\t\t\t\t<\/div>\n\t\t\t\t<\/div>\n\t\t\t\t\t<\/div>\n\t\t<\/div>\n\t\t\t\t<div class=\"elementor-column elementor-col-50 elementor-top-column elementor-element elementor-element-a8b41e8\" data-id=\"a8b41e8\" data-element_type=\"column\">\n\t\t\t<div class=\"elementor-widget-wrap elementor-element-populated\">\n\t\t\t\t\t\t\t\t<div class=\"elementor-element elementor-element-c22ff06 elementor-view-default elementor-widget elementor-widget-icon\" data-id=\"c22ff06\" data-element_type=\"widget\" data-widget_type=\"icon.default\">\n\t\t\t\t<div class=\"elementor-widget-container\">\n\t\t\t\t\t<div class=\"elementor-icon-wrapper\">\n\t\t\t<div class=\"elementor-icon\">\n\t\t\t<svg xmlns=\"http:\/\/www.w3.org\/2000\/svg\" width=\"301\" height=\"313\" viewBox=\"0 0 301 313\" fill=\"none\"><path d=\"M212.761 187.327C202.489 198.25 194.705 208.155 189.406 217.04C184.107 225.926 181.458 234.363 181.458 242.351C181.458 244.471 180.683 246.305 179.135 247.854C177.586 249.403 175.752 250.177 173.632 250.177H126.678C124.559 250.177 122.725 249.403 121.176 247.854C119.627 246.305 118.852 244.471 118.852 242.351C118.852 234.363 116.203 225.926 110.905 217.04C105.606 208.155 97.821 198.25 87.5498 187.327C77.1156 173.469 71.8984 157.899 71.8984 140.618C71.8984 126.434 75.4037 113.35 82.4142 101.367C89.4247 89.3839 98.9215 79.8871 110.905 72.8766C122.888 65.8661 135.971 62.3608 150.155 62.3608C164.339 62.3608 177.423 65.8661 189.406 72.8766C201.389 79.8871 210.886 89.3839 217.896 101.367C224.907 113.35 228.412 126.434 228.412 140.618C228.412 157.899 223.195 173.469 212.761 187.327ZM126.678 265.828H173.632C175.752 265.828 177.586 266.603 179.135 268.152C180.683 269.701 181.458 271.535 181.458 273.654C181.458 275.774 180.683 277.608 179.135 279.157C177.586 280.705 175.752 281.48 173.632 281.48H126.678C124.559 281.48 122.725 280.705 121.176 279.157C119.627 277.608 118.852 275.774 118.852 273.654C118.852 271.535 119.627 269.701 121.176 268.152C122.725 266.603 124.559 265.828 126.678 265.828ZM150.155 312.783C141.514 312.783 134.137 311.234 128.023 308.136C121.909 305.038 118.852 301.37 118.852 297.131H181.458C181.458 301.37 178.401 305.038 172.287 308.136C166.173 311.234 158.796 312.783 150.155 312.783Z\" fill=\"#594C4A\"><\/path><path d=\"M143.063 7.09202C143.063 3.17521 146.238 0 150.155 0V0C154.072 0 157.247 3.17521 157.247 7.09202V42.063C157.247 45.9798 154.072 49.155 150.155 49.155V49.155C146.238 49.155 143.063 45.9798 143.063 42.063V7.09202Z\" fill=\"#594C4A\"><\/path><path d=\"M6.66432 111.619C2.98372 110.279 1.08598 106.21 2.42561 102.529V102.529C3.76524 98.8484 7.83494 96.9507 11.5155 98.2903L44.3775 110.251C48.0581 111.591 49.9559 115.66 48.6162 119.341V119.341C47.2766 123.022 43.2069 124.919 39.5263 123.58L6.66432 111.619Z\" fill=\"#594C4A\"><\/path><path d=\"M293.68 111.619C297.361 110.279 299.259 106.21 297.919 102.529V102.529C296.579 98.8484 292.51 96.9507 288.829 98.2903L255.967 110.251C252.287 111.591 250.389 115.66 251.728 119.341V119.341C253.068 123.022 257.138 124.919 260.818 123.58L293.68 111.619Z\" fill=\"#594C4A\"><\/path><path d=\"M51.2353 37.0544C48.4657 34.2848 48.4657 29.7943 51.2353 27.0247V27.0247C54.0049 24.2551 58.4953 24.2551 61.2649 27.0247L85.9931 51.753C88.7627 54.5226 88.7627 59.013 85.9931 61.7826V61.7826C83.2235 64.5522 78.7331 64.5522 75.9635 61.7826L51.2353 37.0544Z\" fill=\"#594C4A\"><\/path><path d=\"M249.109 37.0544C251.879 34.2848 251.879 29.7943 249.109 27.0247V27.0247C246.34 24.2551 241.849 24.2551 239.08 27.0247L214.352 51.753C211.582 54.5226 211.582 59.013 214.352 61.7826V61.7826C217.121 64.5522 221.612 64.5522 224.381 61.7826L249.109 37.0544Z\" fill=\"#594C4A\"><\/path><\/svg>\t\t\t<\/div>\n\t\t<\/div>\n\t\t\t\t<\/div>\n\t\t\t\t<\/div>\n\t\t\t\t\t<\/div>\n\t\t<\/div>\n\t\t\t\t\t\t\t<\/div>\n\t\t<\/section>\n\t\t\t\t\t\t\t<\/div>\n\t\t","protected":false},"excerpt":{"rendered":"<p>A empresa que veio pra revolucionar QUEM SOMOS A Guaxinim M\u00eddia Digital \u00e9 uma empresa especializada na cria\u00e7\u00e3o, desenvolvimento e otimiza\u00e7\u00e3o de sites e lojas virtuais. Oferece ainda servi\u00e7os de Web Design, Design Gr\u00e1fico, Marketing Digital e Gest\u00e3o e Produ\u00e7\u00e3o de Conte\u00fado.Todos os nossos sites atendem as normas da Lei Geral de Prote\u00e7\u00e3o de Dados [&hellip;]<\/p>\n","protected":false},"author":1,"featured_media":0,"parent":0,"menu_order":0,"comment_status":"closed","ping_status":"closed","template":"elementor_header_footer","meta":{"footnotes":""},"class_list":["post-268","page","type-page","status-publish","hentry"],"_links":{"self":[{"href":"https:\/\/guaximidia.com.br\/index.php\/wp-json\/wp\/v2\/pages\/268","targetHints":{"allow":["GET"]}}],"collection":[{"href":"https:\/\/guaximidia.com.br\/index.php\/wp-json\/wp\/v2\/pages"}],"about":[{"href":"https:\/\/guaximidia.com.br\/index.php\/wp-json\/wp\/v2\/types\/page"}],"author":[{"embeddable":true,"href":"https:\/\/guaximidia.com.br\/index.php\/wp-json\/wp\/v2\/users\/1"}],"replies":[{"embeddable":true,"href":"https:\/\/guaximidia.com.br\/index.php\/wp-json\/wp\/v2\/comments?post=268"}],"version-history":[{"count":81,"href":"https:\/\/guaximidia.com.br\/index.php\/wp-json\/wp\/v2\/pages\/268\/revisions"}],"predecessor-version":[{"id":1119,"href":"https:\/\/guaximidia.com.br\/index.php\/wp-json\/wp\/v2\/pages\/268\/revisions\/1119"}],"wp:attachment":[{"href":"https:\/\/guaximidia.com.br\/index.php\/wp-json\/wp\/v2\/media?parent=268"}],"curies":[{"name":"wp","href":"https:\/\/api.w.org\/{rel}","templated":true}]}}